{"id":1906,"date":"2022-08-14T22:07:23","date_gmt":"2022-08-14T22:07:23","guid":{"rendered":"https:\/\/www.bwmf.eu\/?page_id=1906"},"modified":"2022-08-29T16:50:40","modified_gmt":"2022-08-29T16:50:40","slug":"bwmf-cup-2022-female-under-15-2","status":"publish","type":"page","link":"https:\/\/www.bwmf.eu\/en\/results\/bwmf-cup-2022-female-under-15-2\/","title":{"rendered":"BWMF CUP 2022 &#8211; FEMALE &#8211; UNDER 15"},"content":{"rendered":"<p>[et_pb_section bb_built=&#8221;1&#8243; fullwidth=&#8221;on&#8221; _builder_version=&#8221;3.1.1&#8243; background_color=&#8221;#4c798c&#8221; next_background_color=&#8221;#f2f2f2&#8243;][et_pb_fullwidth_header title=&#8221;BWMF CUP 2022&#8243; subhead=&#8221;FEMALE &#8211; UNDER 15&#8243; text_orientation=&#8221;center&#8221; _builder_version=&#8221;3.9&#8243; background_color=&#8221;rgba(255, 255, 255, 0)&#8221;]<\/p>\n<p>Girls \u2013 players under 15 years old.<\/p>\n<p>[\/et_pb_fullwidth_header][\/et_pb_section][et_pb_section bb_built=&#8221;1&#8243; _builder_version=&#8221;3.1.1&#8243; background_color=&#8221;#f2f2f2&#8243; prev_background_color=&#8221;#4c798c&#8221; next_background_color=&#8221;#ffffff&#8221;][et_pb_row _builder_version=&#8221;3.0.47&#8243; background_size=&#8221;initial&#8221; background_position=&#8221;top_left&#8221; background_repeat=&#8221;repeat&#8221;][et_pb_column type=&#8221;4_4&#8243;][et_pb_text _builder_version=&#8221;3.9&#8243; text_orientation=&#8221;center&#8221;]<\/p>\n<p><strong>TEAMS<\/strong><br \/>\nCaledonia \u00b7 CE Mediterrani \u00b7 CN Matar\u00f3 \u00b7 CN Molins\u00a0\u00b7 CN Sant Andreu \u00b7 CN Terrassa \u00b7 Rub\u00ed-St Feliu<\/p>\n<p><strong>FINAL CLASSIFICATION<\/strong><br \/>\n<strong>1. &#8211; CN SANT ANDREU<\/strong><br \/>\n<strong class=\"color2\"> 2. &#8211; CN TERRASSA<\/strong><br \/>\n<strong class=\"color2\"> 3. &#8211; CN MATAR\u00d3<\/strong><br \/>\n<span style=\"display: inline !important; float: none; background-color: transparent; color: #666666; cursor: text; font-family: 'Open Sans',Arial,sans-serif; font-size: 14px; font-style: normal; font-variant: normal; font-weight: 500; letter-spacing: normal; orphans: 2; text-align: left; text-decoration: none; text-indent: 0px; text-transform: none; -webkit-text-stroke-width: 0px; white-space: normal; word-spacing: 0px;\">4. &#8211; CE MEDITERRANI<\/span><br \/>\n<span style=\"display: inline !important; float: none; background-color: transparent; color: #666666; cursor: text; font-family: 'Open Sans',Arial,sans-serif; font-size: 14px; font-style: normal; font-variant: normal; font-weight: 500; letter-spacing: normal; orphans: 2; text-align: left; text-decoration: none; text-indent: 0px; text-transform: none; -webkit-text-stroke-width: 0px; white-space: normal; word-spacing: 0px;\">5. &#8211; RUB\u00cd-ST FELIU<\/span><br \/>\n<span style=\"display: inline !important; float: none; background-color: transparent; color: #666666; cursor: text; font-family: 'Open Sans',Arial,sans-serif; font-size: 14px; font-style: normal; font-variant: normal; font-weight: 500; letter-spacing: normal; orphans: 2; text-align: left; text-decoration: none; text-indent: 0px; text-transform: none; -webkit-text-stroke-width: 0px; white-space: normal; word-spacing: 0px;\">6. &#8211; CN MOLINS\u00a0\u00a0<\/span><br \/>\n<span style=\"display: inline !important; float: none; background-color: transparent; color: #666666; cursor: text; font-family: 'Open Sans',Arial,sans-serif; font-size: 14px; font-style: normal; font-variant: normal; font-weight: 500; letter-spacing: normal; orphans: 2; text-align: left; text-decoration: none; text-indent: 0px; text-transform: none; -webkit-text-stroke-width: 0px; white-space: normal; word-spacing: 0px;\">7. &#8211; CALEDONIA<\/span><\/p>\n<p>&nbsp;<\/p>\n<p>[\/et_pb_text][\/et_pb_column][\/et_pb_row][\/et_pb_section][et_pb_section bb_built=&#8221;1&#8243; _builder_version=&#8221;3.0.47&#8243; prev_background_color=&#8221;#f2f2f2&#8243; next_background_color=&#8221;#3d7a8f&#8221;][et_pb_row _builder_version=&#8221;3.1.1&#8243; background_size=&#8221;initial&#8221; background_position=&#8221;top_left&#8221; background_repeat=&#8221;repeat&#8221;][et_pb_column type=&#8221;4_4&#8243;][et_pb_text _builder_version=&#8221;3.9&#8243; text_orientation=&#8221;center&#8221;]<\/p>\n<h3 class=\"color\">THURSDAY 25th AUGUST<\/h3>\n<table class=\"taula_resultats\">\n<tbody>\n<tr>\n<td><\/td>\n<td><\/td>\n<td>17.15 h<\/td>\n<td><\/td>\n<td><\/td>\n<\/tr>\n<tr>\n<td>CN TERRASSA<\/td>\n<td>\u00a014<\/td>\n<td><\/td>\n<td>\u00a0 3<\/td>\n<td>CN MOLINS<\/td>\n<\/tr>\n<tr>\n<td>CN MATAR\u00d3<\/td>\n<td>\u00a0 8<\/td>\n<td><\/td>\n<td>\u00a0 7<\/td>\n<td>RUB\u00cd-ST FELIU<\/td>\n<\/tr>\n<tr>\n<td><\/td>\n<td><\/td>\n<td>18.00 h<\/td>\n<td><\/td>\n<td><\/td>\n<\/tr>\n<tr>\n<td>CALEDONIA<\/td>\n<td>\u00a0 3<\/td>\n<td><\/td>\n<td>\u00a030<\/td>\n<td>CN SANT ANDREU<\/td>\n<\/tr>\n<\/tbody>\n<\/table>\n<h3><\/h3>\n<h3 class=\"color\">FRIDAY 26th AUGUST<\/h3>\n<table class=\"taula_resultats\">\n<tbody>\n<tr>\n<td><\/td>\n<td><\/td>\n<td>09.00 h<\/td>\n<td><\/td>\n<td><\/td>\n<\/tr>\n<tr>\n<td>CN SANT ANDREU<\/td>\n<td>\u00a013<\/td>\n<td><\/td>\n<td>\u00a0 3<\/td>\n<td>CN MOLINS<\/td>\n<\/tr>\n<tr>\n<td>CE MEDITERRANI<\/td>\n<td>\u00a028<\/td>\n<td><\/td>\n<td>\u00a0 0<\/td>\n<td>CALEDONIA<\/td>\n<\/tr>\n<tr>\n<td><\/td>\n<td><\/td>\n<td>09.45 h<\/td>\n<td><\/td>\n<td><\/td>\n<\/tr>\n<tr>\n<td>RUB\u00cd-ST FELIU<\/td>\n<td>\u00a0 \u00a01<\/td>\n<td><\/td>\n<td>10<\/td>\n<td>CN TERRASSA<\/td>\n<\/tr>\n<tr>\n<td><\/td>\n<td><\/td>\n<td><\/td>\n<td><\/td>\n<td><\/td>\n<\/tr>\n<tr>\n<td><\/td>\n<td><\/td>\n<td>12.45 h<\/td>\n<td><\/td>\n<td><\/td>\n<\/tr>\n<tr>\n<td>CALEDONIA<\/td>\n<td>\u00a0 \u00a02<\/td>\n<td><\/td>\n<td>20<\/td>\n<td>RUB\u00cd-ST FELIU<\/td>\n<\/tr>\n<tr>\n<td>CE MEDITERRANI<\/td>\n<td>\u00a017<\/td>\n<td><\/td>\n<td>\u00a0 3<\/td>\n<td>CN MOLINS<\/td>\n<\/tr>\n<tr>\n<td><\/td>\n<td><\/td>\n<td>13.30 h<\/td>\n<td><\/td>\n<td><\/td>\n<\/tr>\n<tr>\n<td>CN MATAR\u00d3<\/td>\n<td>\u00a0 \u00a06<\/td>\n<td><\/td>\n<td>10<\/td>\n<td>CN TERRASSA<\/td>\n<\/tr>\n<tr>\n<td><\/td>\n<td><\/td>\n<td><\/td>\n<td><\/td>\n<td><\/td>\n<\/tr>\n<tr>\n<td><\/td>\n<td><\/td>\n<td>17.15 h<\/td>\n<td><\/td>\n<td><\/td>\n<\/tr>\n<tr>\n<td>RUB\u00cd-ST FELIU<\/td>\n<td>\u00a010<\/td>\n<td><\/td>\n<td>\u00a0 4<\/td>\n<td>CN MOLINS<\/td>\n<\/tr>\n<tr>\n<td>CE MEDITERRANI<\/td>\n<td>\u00a0 \u00a07<\/td>\n<td><\/td>\n<td>10<\/td>\n<td>CN MATAR\u00d3<\/td>\n<\/tr>\n<tr>\n<td><\/td>\n<td><\/td>\n<td>18.00 h<\/td>\n<td><\/td>\n<td><\/td>\n<\/tr>\n<tr>\n<td>CN SANT ANDREU<\/td>\n<td>\u00a0 \u00a08<\/td>\n<td><\/td>\n<td>\u00a0 2<\/td>\n<td>CN TERRASSA<\/td>\n<\/tr>\n<\/tbody>\n<\/table>\n<h3><\/h3>\n<h3 class=\"color\">SATURDAY 27th AUGUST<\/h3>\n<table class=\"taula_resultats\">\n<tbody>\n<tr>\n<td><\/td>\n<td><\/td>\n<td>09.00 h<\/td>\n<td><\/td>\n<td><\/td>\n<\/tr>\n<tr>\n<td>CN MATAR\u00d3<\/td>\n<td>\u00a05<\/td>\n<td><\/td>\n<td>10<\/td>\n<td><span style=\"display: inline !important; float: none; background-color: #ffffff; color: #666666; cursor: text; font-family: 'Open Sans',Arial,sans-serif; font-size: 14px; font-style: normal; font-variant: normal; font-weight: 500; letter-spacing: normal; orphans: 2; text-align: left; text-decoration: none; text-indent: 0px; text-transform: none; -webkit-text-stroke-width: 0px; white-space: normal; word-spacing: 0px;\">CN SANT ANDREU\u00a0<\/span><\/td>\n<\/tr>\n<tr>\n<td>RUB\u00cd-ST FELIU<\/td>\n<td>\u00a07<\/td>\n<td><\/td>\n<td>10<\/td>\n<td><span style=\"display: inline !important; float: none; background-color: #ffffff; color: #666666; cursor: text; font-family: 'Open Sans',Arial,sans-serif; font-size: 14px; font-style: normal; font-variant: normal; font-weight: 500; letter-spacing: normal; orphans: 2; text-align: left; text-decoration: none; text-indent: 0px; text-transform: none; -webkit-text-stroke-width: 0px; white-space: normal; word-spacing: 0px;\">CE MEDITERRANI\u00a0 <\/span><\/td>\n<\/tr>\n<tr>\n<td><\/td>\n<td><\/td>\n<td>09.45 h<\/td>\n<td><\/td>\n<td><\/td>\n<\/tr>\n<tr>\n<td>CN MOLINS<\/td>\n<td>17<\/td>\n<td><\/td>\n<td>\u00a0 4<\/td>\n<td><span style=\"display: inline !important; float: none; background-color: #ffffff; color: #666666; cursor: text; font-family: 'Open Sans',Arial,sans-serif; font-size: 14px; font-style: normal; font-variant: normal; font-weight: 500; letter-spacing: normal; orphans: 2; text-align: left; text-decoration: none; text-indent: 0px; text-transform: none; -webkit-text-stroke-width: 0px; white-space: normal; word-spacing: 0px;\">CALEDONIA<\/span><\/td>\n<\/tr>\n<tr>\n<td><\/td>\n<td><\/td>\n<td>12.45 h<\/td>\n<td><\/td>\n<td><span style=\"display: inline !important; float: none; background-color: #ffffff; color: #666666; cursor: text; font-family: 'Open Sans',Arial,sans-serif; font-size: 14px; font-style: normal; font-variant: normal; font-weight: 500; letter-spacing: normal; orphans: 2; text-align: left; text-decoration: none; text-indent: 0px; text-transform: none; -webkit-text-stroke-width: 0px; white-space: normal; word-spacing: 0px;\">T<\/span><\/td>\n<\/tr>\n<tr>\n<td>CN SANT ANDREU<\/td>\n<td>11<\/td>\n<td><\/td>\n<td>\u00a0 4<\/td>\n<td>RUB\u00cd-ST FELIU<\/td>\n<\/tr>\n<tr>\n<td>CN TERRASSA<\/td>\n<td>\u00a0 6<\/td>\n<td><\/td>\n<td>\u00a0 8<\/td>\n<td>CE MEDITERRANI<\/td>\n<\/tr>\n<tr>\n<td><\/td>\n<td><\/td>\n<td>13.30 h<\/td>\n<td><\/td>\n<td><\/td>\n<\/tr>\n<tr>\n<td>CN MATAR\u00d3<\/td>\n<td>24<\/td>\n<td><\/td>\n<td>\u00a0 2<\/td>\n<td>CALEDONIA<\/td>\n<\/tr>\n<tr>\n<td><\/td>\n<td><\/td>\n<td>17.15 h<\/td>\n<td><\/td>\n<td><\/td>\n<\/tr>\n<tr>\n<td>CN SANT ANDREU<\/td>\n<td>\u00a0 9<\/td>\n<td><\/td>\n<td>\u00a0 8<\/td>\n<td>CE MEDITERRANI<\/td>\n<\/tr>\n<tr>\n<td>CN MOLINS<\/td>\n<td>\u00a0 5<\/td>\n<td><\/td>\n<td>11<\/td>\n<td>CN MATAR\u00d3<\/td>\n<\/tr>\n<tr>\n<td><\/td>\n<td><\/td>\n<td>18.00 h<\/td>\n<td><\/td>\n<td><\/td>\n<\/tr>\n<tr>\n<td>CN TERRASSA<\/td>\n<td>26<\/td>\n<td><\/td>\n<td>\u00a0 7<\/td>\n<td>CALEDONIA<\/td>\n<\/tr>\n<\/tbody>\n<\/table>\n<h3><\/h3>\n<h3 class=\"color\">SUNDAY 28th AUGUST<\/h3>\n<table class=\"taula_resultats\">\n<tbody>\n<tr>\n<td><\/td>\n<td><\/td>\n<td>09.00 h<\/td>\n<td><\/td>\n<td><\/td>\n<\/tr>\n<tr>\n<td>RUB\u00cd-ST FELIU<\/td>\n<td>\u00a0 9<\/td>\n<td><\/td>\n<td>\u00a04<\/td>\n<td><span style=\"display: inline !important; float: none; background-color: #ffffff; color: #666666; cursor: text; font-family: 'Open Sans',Arial,sans-serif; font-size: 14px; font-style: normal; font-variant: normal; font-weight: 500; letter-spacing: normal; orphans: 2; text-align: left; text-decoration: none; text-indent: 0px; text-transform: none; -webkit-text-stroke-width: 0px; white-space: normal; word-spacing: 0px;\">CN MOLINS<\/span><\/td>\n<\/tr>\n<tr>\n<td><\/td>\n<td><\/td>\n<td>11.30 h<\/td>\n<td><\/td>\n<td><span style=\"display: inline !important; float: none; background-color: #ffffff; color: #666666; cursor: text; font-family: 'Open Sans',Arial,sans-serif; font-size: 14px; font-style: normal; font-variant: normal; font-weight: 500; letter-spacing: normal; orphans: 2; text-align: left; text-decoration: none; text-indent: 0px; text-transform: none; -webkit-text-stroke-width: 0px; white-space: normal; word-spacing: 0px;\">\u00a0\u00a0<\/span><\/td>\n<\/tr>\n<tr>\n<td>RUB\u00cd-ST FELIU<\/td>\n<td>15<\/td>\n<td><\/td>\n<td>\u00a04<\/td>\n<td>CALEDONIA<\/td>\n<\/tr>\n<tr>\n<td><\/td>\n<td><\/td>\n<td>12.20 h<\/td>\n<td><\/td>\n<td><\/td>\n<\/tr>\n<tr>\n<td>CN SANT ANDREU<\/td>\n<td>14<\/td>\n<td>SF1<\/td>\n<td>\u00a05<\/td>\n<td><span style=\"display: inline !important; float: none; background-color: #ffffff; color: #666666; cursor: text; font-family: 'Open Sans',Arial,sans-serif; font-size: 14px; font-style: normal; font-variant: normal; font-weight: 500; letter-spacing: normal; orphans: 2; text-align: left; text-decoration: none; text-indent: 0px; text-transform: none; -webkit-text-stroke-width: 0px; white-space: normal; word-spacing: 0px;\">CE MEDITERRANI<\/span><\/td>\n<\/tr>\n<tr>\n<td>CN TERRASSA<\/td>\n<td>11<\/td>\n<td>SF2<\/td>\n<td>\u00a07<\/td>\n<td>CN MATAR\u00d3<\/td>\n<\/tr>\n<tr>\n<td><\/td>\n<td><\/td>\n<td>14.00 h<\/td>\n<td><\/td>\n<td><\/td>\n<\/tr>\n<tr>\n<td>CN MOLINS<\/td>\n<td>17<\/td>\n<td><\/td>\n<td>\u00a01<\/td>\n<td>CALEDONIA<\/td>\n<\/tr>\n<tr>\n<td><\/td>\n<td><\/td>\n<td>17.30 h<\/td>\n<td><\/td>\n<td><\/td>\n<\/tr>\n<tr>\n<td>CE MEDITETARRI<\/td>\n<td>\u00a0 7<\/td>\n<td>3rd &#8211; 4th<\/td>\n<td>\u00a08<\/td>\n<td>CN MATAR\u00d3<\/td>\n<\/tr>\n<tr>\n<td><\/td>\n<td><\/td>\n<td>19.30 h<\/td>\n<td><\/td>\n<td><\/td>\n<\/tr>\n<tr>\n<td>CN SANT ANDREU<\/td>\n<td>\u00a0 7<\/td>\n<td>1st &#8211; 2nd<\/td>\n<td>\u00a06<\/td>\n<td>CN TERRASSA<\/td>\n<\/tr>\n<\/tbody>\n<\/table>\n<p>[\/et_pb_text][\/et_pb_column][\/et_pb_row][\/et_pb_section][et_pb_section bb_built=&#8221;1&#8243; specialty=&#8221;off&#8221; prev_background_color=&#8221;#ffffff&#8221; _builder_version=&#8221;3.1.1&#8243; background_color=&#8221;#3d7a8f&#8221;][et_pb_row][et_pb_column type=&#8221;4_4&#8243;][et_pb_text _builder_version=&#8221;3.9&#8243; text_orientation=&#8221;center&#8221; background_layout=&#8221;dark&#8221;]<\/p>\n<p><strong>BWMF CUP 2022<\/strong><\/p>\n<p>[\/et_pb_text][\/et_pb_column][\/et_pb_row][et_pb_row][et_pb_column type=&#8221;1_3&#8243;][et_pb_blurb _builder_version=&#8221;3.9&#8243; title=&#8221;JUNIOR CATEGORY&#8221; image=&#8221;https:\/\/www.bwmf.eu\/wp-content\/uploads\/2018\/05\/resultats_junior.svg&#8221; icon_placement=&#8221;left&#8221; background_layout=&#8221;dark&#8221; module_class=&#8221;icona_resultats&#8221;]<\/p>\n<p>FEMALE<br \/>\nMALE<\/p>\n<p>[\/et_pb_blurb][\/et_pb_column][et_pb_column type=&#8221;1_3&#8243;][et_pb_blurb _builder_version=&#8221;3.9&#8243; title=&#8221;UNDER 15&#8243; image=&#8221;https:\/\/www.bwmf.eu\/wp-content\/uploads\/2018\/05\/resultats_under15.svg&#8221; icon_placement=&#8221;left&#8221; background_layout=&#8221;dark&#8221; module_class=&#8221;icona_resultats&#8221;]<\/p>\n<p><a href=\"https:\/\/www.bwmf.eu\/en\/results\/bwmf-cup-2022-female-under-15-2\/\">FEMALE<\/a><br \/>\n<a href=\"https:\/\/www.bwmf.eu\/en\/results\/bwmf-cup-2022-male-under-15\/\">MALE<\/a><\/p>\n<p>[\/et_pb_blurb][\/et_pb_column][et_pb_column type=&#8221;1_3&#8243;][et_pb_blurb _builder_version=&#8221;3.9&#8243; title=&#8221;UNDER 13&#8243; image=&#8221;https:\/\/www.bwmf.eu\/wp-content\/uploads\/2018\/05\/resultats_under13.svg&#8221; icon_placement=&#8221;left&#8221; background_layout=&#8221;dark&#8221; module_class=&#8221;icona_resultats&#8221;]<\/p>\n<p>MIXED<\/p>\n<p>[\/et_pb_blurb][\/et_pb_column][\/et_pb_row][\/et_pb_section]<\/p>\n","protected":false},"excerpt":{"rendered":"<p>Girls \u2013 players under 15 years old. TEAMS Caledonia \u00b7 CE Mediterrani \u00b7 CN Matar\u00f3 \u00b7 CN Molins\u00a0\u00b7 CN Sant Andreu \u00b7 CN Terrassa \u00b7 Rub\u00ed-St Feliu FINAL CLASSIFICATION 1. &#8211; CN SANT ANDREU 2. &#8211; CN TERRASSA 3. &#8211; CN MATAR\u00d3 4. &#8211; CE MEDITERRANI 5. &#8211; RUB\u00cd-ST FELIU 6. &#8211; CN MOLINS\u00a0\u00a0 7. [&hellip;]<\/p>\n","protected":false},"author":2,"featured_media":0,"parent":546,"menu_order":0,"comment_status":"closed","ping_status":"closed","template":"","meta":{"saved_in_kubio":false,"_et_pb_use_builder":"on","_et_pb_old_content":"","_et_gb_content_width":"","inline_featured_image":false,"footnotes":""},"class_list":["post-1906","page","type-page","status-publish","hentry"],"kubio_ai_page_context":{"short_desc":"","purpose":"general"},"_links":{"self":[{"href":"https:\/\/www.bwmf.eu\/en\/wp-json\/wp\/v2\/pages\/1906"}],"collection":[{"href":"https:\/\/www.bwmf.eu\/en\/wp-json\/wp\/v2\/pages"}],"about":[{"href":"https:\/\/www.bwmf.eu\/en\/wp-json\/wp\/v2\/types\/page"}],"author":[{"embeddable":true,"href":"https:\/\/www.bwmf.eu\/en\/wp-json\/wp\/v2\/users\/2"}],"replies":[{"embeddable":true,"href":"https:\/\/www.bwmf.eu\/en\/wp-json\/wp\/v2\/comments?post=1906"}],"version-history":[{"count":23,"href":"https:\/\/www.bwmf.eu\/en\/wp-json\/wp\/v2\/pages\/1906\/revisions"}],"predecessor-version":[{"id":2088,"href":"https:\/\/www.bwmf.eu\/en\/wp-json\/wp\/v2\/pages\/1906\/revisions\/2088"}],"up":[{"embeddable":true,"href":"https:\/\/www.bwmf.eu\/en\/wp-json\/wp\/v2\/pages\/546"}],"wp:attachment":[{"href":"https:\/\/www.bwmf.eu\/en\/wp-json\/wp\/v2\/media?parent=1906"}],"curies":[{"name":"wp","href":"https:\/\/api.w.org\/{rel}","templated":true}]}}